{"id":1230,"date":"2022-08-07T01:14:01","date_gmt":"2022-08-07T05:14:01","guid":{"rendered":"https:\/\/tomaempleo.com\/test\/?page_id=1230"},"modified":"2025-08-16T19:41:42","modified_gmt":"2025-08-16T23:41:42","slug":"candidato","status":"publish","type":"page","link":"https:\/\/tomaempleo.com\/dominicana\/candidato\/","title":{"rendered":"Buscar y reclutar personal para trabajar"},"content":{"rendered":"\t\t<div data-elementor-type=\"wp-page\" data-elementor-id=\"1230\" class=\"elementor elementor-1230\" data-elementor-post-type=\"page\">\n\t\t\t\t<div class=\"elementor-element elementor-element-061a457 e-con-full e-flex e-con e-parent\" data-id=\"061a457\" data-element_type=\"container\" data-settings=\"{&quot;background_background&quot;:&quot;classic&quot;,&quot;jet_parallax_layout_list&quot;:[]}\">\n\t\t\t\t<div class=\"elementor-element elementor-element-4cb7bea elementor-widget elementor-widget-heading\" data-id=\"4cb7bea\" data-element_type=\"widget\" data-widget_type=\"heading.default\">\n\t\t\t\t\t<h1 class=\"elementor-heading-title elementor-size-default\">Contratar personal<\/h1>\t\t\t\t<\/div>\n\t\t\t\t<div class=\"elementor-element elementor-element-36501ef elementor-widget__width-initial elementor-widget elementor-widget-text-editor\" data-id=\"36501ef\" data-element_type=\"widget\" data-widget_type=\"text-editor.default\">\n\t\t\t\t\t\t\t\t\t<p>Explora perfiles que pudieran adaptarse al puesto de trabajo y env\u00edales una propuesta.<\/p>\t\t\t\t\t\t\t\t<\/div>\n\t\t\t\t<\/div>\n\t\t<div class=\"elementor-element elementor-element-16bbce5 e-con-full e-flex e-con e-parent\" data-id=\"16bbce5\" data-element_type=\"container\" data-settings=\"{&quot;background_background&quot;:&quot;classic&quot;,&quot;jet_parallax_layout_list&quot;:[]}\">\n\t\t<div class=\"elementor-element elementor-element-a388bbc e-con-full e-flex e-con e-child\" data-id=\"a388bbc\" data-element_type=\"container\" data-settings=\"{&quot;background_background&quot;:&quot;classic&quot;,&quot;jet_parallax_layout_list&quot;:[]}\">\n\t\t\t\t<div class=\"elementor-element elementor-element-b73a4a0 elementor-widget elementor-widget-jet-listing-grid\" data-id=\"b73a4a0\" data-element_type=\"widget\" id=\"feedlisting\" data-settings=\"{&quot;columns&quot;:&quot;3&quot;,&quot;columns_tablet&quot;:&quot;2&quot;,&quot;columns_mobile&quot;:&quot;1&quot;}\" data-widget_type=\"jet-listing-grid.default\">\n\t\t\t\t\t<div class=\"jet-listing-grid jet-listing\"><div class=\"jet-listing-not-found jet-listing-grid__items\" data-nav=\"{&quot;enabled&quot;:false,&quot;type&quot;:null,&quot;more_el&quot;:null,&quot;query&quot;:[],&quot;widget_settings&quot;:{&quot;lisitng_id&quot;:112917,&quot;posts_num&quot;:6,&quot;columns&quot;:3,&quot;columns_tablet&quot;:2,&quot;columns_mobile&quot;:1,&quot;column_min_width&quot;:240,&quot;column_min_width_tablet&quot;:240,&quot;column_min_width_mobile&quot;:240,&quot;inline_columns_css&quot;:false,&quot;is_archive_template&quot;:&quot;&quot;,&quot;post_status&quot;:[&quot;publish&quot;],&quot;use_random_posts_num&quot;:&quot;&quot;,&quot;max_posts_num&quot;:9,&quot;not_found_message&quot;:&quot;\\ud83e\\udee4Lo siento, no hemos encontrado empleos con esa b\\u00fasqueda. Es posible que haya expirado o eliminado. Te sugerir\\u00eda probar con diferentes t\\u00e9rminos.&quot;,&quot;is_masonry&quot;:false,&quot;equal_columns_height&quot;:&quot;&quot;,&quot;use_load_more&quot;:&quot;&quot;,&quot;load_more_id&quot;:&quot;&quot;,&quot;load_more_type&quot;:&quot;click&quot;,&quot;load_more_offset&quot;:{&quot;unit&quot;:&quot;px&quot;,&quot;size&quot;:0,&quot;sizes&quot;:[]},&quot;use_custom_post_types&quot;:&quot;&quot;,&quot;custom_post_types&quot;:[],&quot;hide_widget_if&quot;:&quot;&quot;,&quot;carousel_enabled&quot;:&quot;&quot;,&quot;slides_to_scroll&quot;:&quot;1&quot;,&quot;arrows&quot;:&quot;true&quot;,&quot;arrow_icon&quot;:&quot;fa fa-angle-left&quot;,&quot;dots&quot;:&quot;&quot;,&quot;autoplay&quot;:&quot;true&quot;,&quot;pause_on_hover&quot;:&quot;true&quot;,&quot;autoplay_speed&quot;:5000,&quot;infinite&quot;:&quot;true&quot;,&quot;center_mode&quot;:&quot;&quot;,&quot;effect&quot;:&quot;slide&quot;,&quot;speed&quot;:500,&quot;inject_alternative_items&quot;:&quot;&quot;,&quot;injection_items&quot;:[],&quot;scroll_slider_enabled&quot;:&quot;&quot;,&quot;scroll_slider_on&quot;:[&quot;desktop&quot;,&quot;tablet&quot;,&quot;mobile&quot;],&quot;custom_query&quot;:&quot;yes&quot;,&quot;custom_query_id&quot;:&quot;117&quot;,&quot;_element_id&quot;:&quot;feedlisting&quot;,&quot;collapse_first_last_gap&quot;:false,&quot;list_tag_selection&quot;:&quot;&quot;,&quot;list_items_wrapper_tag&quot;:&quot;div&quot;,&quot;list_item_tag&quot;:&quot;div&quot;,&quot;empty_items_wrapper_tag&quot;:&quot;div&quot;}}\" data-listing-source=\"query\" data-listing-id=\"112917\" data-query-id=\"117\" data-queried-id=\"1230|WP_Post\" data-cct-slug=\"candidatoctt\">\ud83e\udee4Lo siento, no hemos encontrado empleos con esa b\u00fasqueda. Es posible que haya expirado o eliminado. Te sugerir\u00eda probar con diferentes t\u00e9rminos.<\/div><\/div>\t\t\t\t<\/div>\n\t\t\t\t<\/div>\n\t\t\t\t<div class=\"elementor-element elementor-element-2d108c7 elementor-pagination elementor-widget elementor-widget-jet-smart-filters-pagination\" data-id=\"2d108c7\" data-element_type=\"widget\" data-widget_type=\"jet-smart-filters-pagination.default\">\n\t\t\t\t<div class=\"elementor-widget-container\">\n\t\t\t\t\t<div\n\t\t\t\tclass=\"jet-smart-filters-pagination jet-filter\"\n\t\t\t\tdata-apply-provider=\"jet-engine\"\n\t\t\t\tdata-content-provider=\"jet-engine\"\n\t\t\t\tdata-query-id=\"feedlisting\"\n\t\t\t\tdata-controls=\"{&quot;items_enabled&quot;:true,&quot;pages_mid_size&quot;:1,&quot;pages_end_size&quot;:0,&quot;nav_enabled&quot;:true,&quot;prev&quot;:&quot;Volver&quot;,&quot;next&quot;:&quot;Siguiente&quot;,&quot;hide_inactive_nav&quot;:true,&quot;load_more_enabled&quot;:false,&quot;provider_top_offset&quot;:2}\"\n\t\t\t\tdata-apply-type=\"ajax\"\n\t\t\t><\/div>\t\t\t\t<\/div>\n\t\t\t\t<\/div>\n\t\t\t\t<\/div>\n\t\t\t\t<\/div>\n\t\t","protected":false},"excerpt":{"rendered":"<p>Contratar personal Explora perfiles que pudieran adaptarse al puesto de trabajo y env\u00edales una propuesta. Josmar lopez luna Provincia: Santo Domingo Sector: Imprenta Puesto: Dise\u00f1o gr\u00e1fico Experiencia: 5 a 10 a\u00f1os Estudios: Estudiante universitario Idioma: Espa\u00f1ol Ashley Rivera Provincia: Santo Domingo Sector: Bebidas Puesto: Bartenders Experiencia: 6 meses Estudios: Estudiante universitario Idioma: Espa\u00f1ol, Ingl\u00e9s Eric [&hellip;]<\/p>\n","protected":false},"author":16531,"featured_media":0,"parent":0,"menu_order":0,"comment_status":"closed","ping_status":"closed","template":"","meta":{"footnotes":""},"class_list":["post-1230","page","type-page","status-publish","hentry"],"yoast_head":"<!-- This site is optimized with the Yoast SEO plugin v26.3 - https:\/\/yoast.com\/wordpress\/plugins\/seo\/ -->\n<title>Buscar y reclutar personal para trabajar | tomaempleo.com<\/title>\n<meta name=\"description\" content=\"Descubre perfiles dominicanos para reclutar personal a tu equipo y que, puedan ayudarte a crecer tu negocio u organizaci\u00f3n.\" \/>\n<meta name=\"robots\" content=\"index, follow, max-snippet:-1, max-image-preview:large, max-video-preview:-1\" \/>\n<link rel=\"canonical\" href=\"https:\/\/tomaempleo.com\/dominicana\/candidato\/\" \/>\n<meta property=\"og:locale\" content=\"es_ES\" \/>\n<meta property=\"og:type\" content=\"article\" \/>\n<meta property=\"og:title\" content=\"Buscar y reclutar personal para trabajar | tomaempleo.com\" \/>\n<meta property=\"og:description\" content=\"Descubre perfiles dominicanos para reclutar personal a tu equipo y que, puedan ayudarte a crecer tu negocio u organizaci\u00f3n.\" \/>\n<meta property=\"og:url\" content=\"https:\/\/tomaempleo.com\/dominicana\/candidato\/\" \/>\n<meta property=\"og:site_name\" content=\"tomaempleo.com\" \/>\n<meta property=\"article:publisher\" content=\"https:\/\/www.facebook.com\/tomaempleos\" \/>\n<meta property=\"article:modified_time\" content=\"2025-08-16T23:41:42+00:00\" \/>\n<meta property=\"og:image\" content=\"https:\/\/tomaempleo.com\/dominicana\/wp-content\/terd-mediafiles\/logo-tomaempleo.jpg\" \/>\n\t<meta property=\"og:image:width\" content=\"600\" \/>\n\t<meta property=\"og:image:height\" content=\"600\" \/>\n\t<meta property=\"og:image:type\" content=\"image\/jpeg\" \/>\n<meta name=\"twitter:card\" content=\"summary_large_image\" \/>\n<meta name=\"twitter:site\" content=\"@tomaempleos\" \/>\n<meta name=\"twitter:label1\" content=\"Tiempo de lectura\" \/>\n\t<meta name=\"twitter:data1\" content=\"1 minuto\" \/>\n<script type=\"application\/ld+json\" class=\"yoast-schema-graph\">{\"@context\":\"https:\/\/schema.org\",\"@graph\":[{\"@type\":\"WebPage\",\"@id\":\"https:\/\/tomaempleo.com\/dominicana\/candidato\/\",\"url\":\"https:\/\/tomaempleo.com\/dominicana\/candidato\/\",\"name\":\"Buscar y reclutar personal para trabajar | tomaempleo.com\",\"isPartOf\":{\"@id\":\"https:\/\/tomaempleo.com\/dominicana\/#website\"},\"datePublished\":\"2022-08-07T05:14:01+00:00\",\"dateModified\":\"2025-08-16T23:41:42+00:00\",\"description\":\"Descubre perfiles dominicanos para reclutar personal a tu equipo y que, puedan ayudarte a crecer tu negocio u organizaci\u00f3n.\",\"breadcrumb\":{\"@id\":\"https:\/\/tomaempleo.com\/dominicana\/candidato\/#breadcrumb\"},\"inLanguage\":\"es\",\"potentialAction\":[{\"@type\":\"ReadAction\",\"target\":[\"https:\/\/tomaempleo.com\/dominicana\/candidato\/\"]}]},{\"@type\":\"BreadcrumbList\",\"@id\":\"https:\/\/tomaempleo.com\/dominicana\/candidato\/#breadcrumb\",\"itemListElement\":[{\"@type\":\"ListItem\",\"position\":1,\"name\":\"Portada\",\"item\":\"https:\/\/tomaempleo.com\/dominicana\/\"},{\"@type\":\"ListItem\",\"position\":2,\"name\":\"Buscar y reclutar personal para trabajar\"}]},{\"@type\":\"WebSite\",\"@id\":\"https:\/\/tomaempleo.com\/dominicana\/#website\",\"url\":\"https:\/\/tomaempleo.com\/dominicana\/\",\"name\":\"tomaempleo.com\",\"description\":\"\u00bfBuscas trabajo? Empleos de RD aqu\u00ed\",\"publisher\":{\"@id\":\"https:\/\/tomaempleo.com\/dominicana\/#organization\"},\"alternateName\":\"tomaempleo\",\"potentialAction\":[{\"@type\":\"SearchAction\",\"target\":{\"@type\":\"EntryPoint\",\"urlTemplate\":\"https:\/\/tomaempleo.com\/dominicana\/?s={search_term_string}\"},\"query-input\":{\"@type\":\"PropertyValueSpecification\",\"valueRequired\":true,\"valueName\":\"search_term_string\"}}],\"inLanguage\":\"es\"},{\"@type\":\"Organization\",\"@id\":\"https:\/\/tomaempleo.com\/dominicana\/#organization\",\"name\":\"tomaempleo.com\",\"url\":\"https:\/\/tomaempleo.com\/dominicana\/\",\"logo\":{\"@type\":\"ImageObject\",\"inLanguage\":\"es\",\"@id\":\"https:\/\/tomaempleo.com\/dominicana\/#\/schema\/logo\/image\/\",\"url\":\"https:\/\/tomaempleo.com\/dominicana\/wp-content\/terd-mediafiles\/logo-tomaempleo.jpg\",\"contentUrl\":\"https:\/\/tomaempleo.com\/dominicana\/wp-content\/terd-mediafiles\/logo-tomaempleo.jpg\",\"width\":600,\"height\":600,\"caption\":\"tomaempleo.com\"},\"image\":{\"@id\":\"https:\/\/tomaempleo.com\/dominicana\/#\/schema\/logo\/image\/\"},\"sameAs\":[\"https:\/\/www.facebook.com\/tomaempleos\",\"https:\/\/x.com\/tomaempleos\",\"https:\/\/www.youtube.com\/@tomaempleo\",\"https:\/\/www.instagram.com\/tomaempleo\/\"]}]}<\/script>\n<!-- \/ Yoast SEO plugin. -->","yoast_head_json":{"title":"Buscar y reclutar personal para trabajar | tomaempleo.com","description":"Descubre perfiles dominicanos para reclutar personal a tu equipo y que, puedan ayudarte a crecer tu negocio u organizaci\u00f3n.","robots":{"index":"index","follow":"follow","max-snippet":"max-snippet:-1","max-image-preview":"max-image-preview:large","max-video-preview":"max-video-preview:-1"},"canonical":"https:\/\/tomaempleo.com\/dominicana\/candidato\/","og_locale":"es_ES","og_type":"article","og_title":"Buscar y reclutar personal para trabajar | tomaempleo.com","og_description":"Descubre perfiles dominicanos para reclutar personal a tu equipo y que, puedan ayudarte a crecer tu negocio u organizaci\u00f3n.","og_url":"https:\/\/tomaempleo.com\/dominicana\/candidato\/","og_site_name":"tomaempleo.com","article_publisher":"https:\/\/www.facebook.com\/tomaempleos","article_modified_time":"2025-08-16T23:41:42+00:00","og_image":[{"width":600,"height":600,"url":"https:\/\/tomaempleo.com\/dominicana\/wp-content\/terd-mediafiles\/logo-tomaempleo.jpg","type":"image\/jpeg"}],"twitter_card":"summary_large_image","twitter_site":"@tomaempleos","twitter_misc":{"Tiempo de lectura":"1 minuto"},"schema":{"@context":"https:\/\/schema.org","@graph":[{"@type":"WebPage","@id":"https:\/\/tomaempleo.com\/dominicana\/candidato\/","url":"https:\/\/tomaempleo.com\/dominicana\/candidato\/","name":"Buscar y reclutar personal para trabajar | tomaempleo.com","isPartOf":{"@id":"https:\/\/tomaempleo.com\/dominicana\/#website"},"datePublished":"2022-08-07T05:14:01+00:00","dateModified":"2025-08-16T23:41:42+00:00","description":"Descubre perfiles dominicanos para reclutar personal a tu equipo y que, puedan ayudarte a crecer tu negocio u organizaci\u00f3n.","breadcrumb":{"@id":"https:\/\/tomaempleo.com\/dominicana\/candidato\/#breadcrumb"},"inLanguage":"es","potentialAction":[{"@type":"ReadAction","target":["https:\/\/tomaempleo.com\/dominicana\/candidato\/"]}]},{"@type":"BreadcrumbList","@id":"https:\/\/tomaempleo.com\/dominicana\/candidato\/#breadcrumb","itemListElement":[{"@type":"ListItem","position":1,"name":"Portada","item":"https:\/\/tomaempleo.com\/dominicana\/"},{"@type":"ListItem","position":2,"name":"Buscar y reclutar personal para trabajar"}]},{"@type":"WebSite","@id":"https:\/\/tomaempleo.com\/dominicana\/#website","url":"https:\/\/tomaempleo.com\/dominicana\/","name":"tomaempleo.com","description":"\u00bfBuscas trabajo? Empleos de RD aqu\u00ed","publisher":{"@id":"https:\/\/tomaempleo.com\/dominicana\/#organization"},"alternateName":"tomaempleo","potentialAction":[{"@type":"SearchAction","target":{"@type":"EntryPoint","urlTemplate":"https:\/\/tomaempleo.com\/dominicana\/?s={search_term_string}"},"query-input":{"@type":"PropertyValueSpecification","valueRequired":true,"valueName":"search_term_string"}}],"inLanguage":"es"},{"@type":"Organization","@id":"https:\/\/tomaempleo.com\/dominicana\/#organization","name":"tomaempleo.com","url":"https:\/\/tomaempleo.com\/dominicana\/","logo":{"@type":"ImageObject","inLanguage":"es","@id":"https:\/\/tomaempleo.com\/dominicana\/#\/schema\/logo\/image\/","url":"https:\/\/tomaempleo.com\/dominicana\/wp-content\/terd-mediafiles\/logo-tomaempleo.jpg","contentUrl":"https:\/\/tomaempleo.com\/dominicana\/wp-content\/terd-mediafiles\/logo-tomaempleo.jpg","width":600,"height":600,"caption":"tomaempleo.com"},"image":{"@id":"https:\/\/tomaempleo.com\/dominicana\/#\/schema\/logo\/image\/"},"sameAs":["https:\/\/www.facebook.com\/tomaempleos","https:\/\/x.com\/tomaempleos","https:\/\/www.youtube.com\/@tomaempleo","https:\/\/www.instagram.com\/tomaempleo\/"]}]}},"_links":{"self":[{"href":"https:\/\/tomaempleo.com\/dominicana\/wp-json\/wp\/v2\/pages\/1230","targetHints":{"allow":["GET"]}}],"collection":[{"href":"https:\/\/tomaempleo.com\/dominicana\/wp-json\/wp\/v2\/pages"}],"about":[{"href":"https:\/\/tomaempleo.com\/dominicana\/wp-json\/wp\/v2\/types\/page"}],"author":[{"embeddable":true,"href":"https:\/\/tomaempleo.com\/dominicana\/wp-json\/wp\/v2\/users\/16531"}],"replies":[{"embeddable":true,"href":"https:\/\/tomaempleo.com\/dominicana\/wp-json\/wp\/v2\/comments?post=1230"}],"version-history":[{"count":3,"href":"https:\/\/tomaempleo.com\/dominicana\/wp-json\/wp\/v2\/pages\/1230\/revisions"}],"predecessor-version":[{"id":115814,"href":"https:\/\/tomaempleo.com\/dominicana\/wp-json\/wp\/v2\/pages\/1230\/revisions\/115814"}],"wp:attachment":[{"href":"https:\/\/tomaempleo.com\/dominicana\/wp-json\/wp\/v2\/media?parent=1230"}],"curies":[{"name":"wp","href":"https:\/\/api.w.org\/{rel}","templated":true}]}}